{"id":1841,"date":"2026-03-20T17:01:28","date_gmt":"2026-03-20T17:01:28","guid":{"rendered":"https:\/\/hell-island-motorcycles.com\/produkt\/dyna-street-bob\/"},"modified":"2026-04-10T09:29:00","modified_gmt":"2026-04-10T09:29:00","slug":"dyna-street-bob","status":"publish","type":"product","link":"https:\/\/hell-island-motorcycles.com\/es\/produkt\/dyna-street-bob\/","title":{"rendered":"Dyna Street Bob"},"content":{"rendered":"<p>Conducimos Harley. Y sabemos lo que realmente importa en los modelos de car\u00e1cter purista.<br \/>\nEn Hell Island Motorcycles encontrar\u00e1 motocicletas cuidadas y en perfecto estado t\u00e9cnico. Cada m\u00e1quina se prepara con esmero para que pueda disfrutar plenamente de la conducci\u00f3n y la ruta.<br \/>\nYa sea para recomendaciones de recorridos o cuestiones organizativas. Le asesoramos de manera personal y directa. Ese es nuestro compromiso. Te asesoramos de forma personal y directa. Eso es lo que nos define.<\/p>\n<p><strong>\u00bfListo para su ruta con la Dyna Street Bob?<\/strong><br \/>\nReserva este modelo para tu salida en Mallorca.<\/p>\n","protected":false},"excerpt":{"rendered":"<p>La Dyna Street Bob representa el estilo Harley en estado puro, sin detalles innecesarios. El motor V-Twin de 1584 ccm con 78 CV ofrece una respuesta contundente y garantiza una experiencia de conducci\u00f3n directa y aut\u00e9ntica en las carreteras de Mallorca.<br \/>\nCon su est\u00e9tica oscura, la posici\u00f3n de conducci\u00f3n erguida y su estructura compacta, transmite fuerza y seguridad a partes iguales. Seg\u00fan la configuraci\u00f3n, puede conducirse como monoplaza o biplaza y dispone opcionalmente de respaldo trasero para mayor confort.<br \/>\nUna motocicleta pensada para quienes valoran el dise\u00f1o minimalista y una presencia clara sobre el asfalto.<\/p>\n","protected":false},"featured_media":1837,"comment_status":"open","ping_status":"closed","template":"","meta":[],"product_brand":[],"product_cat":[49,62],"product_tag":[],"class_list":{"0":"post-1841","1":"product","2":"type-product","3":"status-publish","4":"has-post-thumbnail","6":"product_cat-alquilar","7":"product_cat-otras-preis","9":"first","10":"instock","11":"sold-individually","12":"taxable","13":"shipping-taxable","14":"purchasable","15":"product-type-jet_booking"},"yoast_head":"<!-- This site is optimized with the Yoast SEO plugin v27.4 - https:\/\/yoast.com\/product\/yoast-seo-wordpress\/ -->\n<title>Dyna Street Bob - Hell Island Motorcycles<\/title>\n<meta name=\"robots\" content=\"index, follow, max-snippet:-1, max-image-preview:large, max-video-preview:-1\" \/>\n<link rel=\"canonical\" href=\"https:\/\/hell-island-motorcycles.com\/es\/produkt\/dyna-street-bob\/\" \/>\n<meta property=\"og:locale\" content=\"es_ES\" \/>\n<meta property=\"og:type\" content=\"article\" \/>\n<meta property=\"og:title\" content=\"Dyna Street Bob - Hell Island Motorcycles\" \/>\n<meta property=\"og:description\" content=\"La Dyna Street Bob representa el estilo Harley en estado puro, sin detalles innecesarios. El motor V-Twin de 1584 ccm con 78 CV ofrece una respuesta contundente y garantiza una experiencia de conducci\u00f3n directa y aut\u00e9ntica en las carreteras de Mallorca. Con su est\u00e9tica oscura, la posici\u00f3n de conducci\u00f3n erguida y su estructura compacta, transmite fuerza y seguridad a partes iguales. Seg\u00fan la configuraci\u00f3n, puede conducirse como monoplaza o biplaza y dispone opcionalmente de respaldo trasero para mayor confort. Una motocicleta pensada para quienes valoran el dise\u00f1o minimalista y una presencia clara sobre el asfalto.\" \/>\n<meta property=\"og:url\" content=\"https:\/\/hell-island-motorcycles.com\/es\/produkt\/dyna-street-bob\/\" \/>\n<meta property=\"og:site_name\" content=\"Hell Island Motorcycles\" \/>\n<meta property=\"article:modified_time\" content=\"2026-04-10T09:29:00+00:00\" \/>\n<meta property=\"og:image\" content=\"https:\/\/hell-island-motorcycles.com\/wp-content\/uploads\/2026\/03\/hell-island-motorcycles_dyna-street-bob.webp\" \/>\n\t<meta property=\"og:image:width\" content=\"1200\" \/>\n\t<meta property=\"og:image:height\" content=\"800\" \/>\n\t<meta property=\"og:image:type\" content=\"image\/webp\" \/>\n<meta name=\"twitter:card\" content=\"summary_large_image\" \/>\n<script type=\"application\/ld+json\" class=\"yoast-schema-graph\">{\"@context\":\"https:\\\/\\\/schema.org\",\"@graph\":[{\"@type\":\"WebPage\",\"@id\":\"https:\\\/\\\/hell-island-motorcycles.com\\\/es\\\/produkt\\\/dyna-street-bob\\\/\",\"url\":\"https:\\\/\\\/hell-island-motorcycles.com\\\/es\\\/produkt\\\/dyna-street-bob\\\/\",\"name\":\"Dyna Street Bob - Hell Island Motorcycles\",\"isPartOf\":{\"@id\":\"https:\\\/\\\/hell-island-motorcycles.com\\\/es\\\/#website\"},\"primaryImageOfPage\":{\"@id\":\"https:\\\/\\\/hell-island-motorcycles.com\\\/es\\\/produkt\\\/dyna-street-bob\\\/#primaryimage\"},\"image\":{\"@id\":\"https:\\\/\\\/hell-island-motorcycles.com\\\/es\\\/produkt\\\/dyna-street-bob\\\/#primaryimage\"},\"thumbnailUrl\":\"https:\\\/\\\/hell-island-motorcycles.com\\\/wp-content\\\/uploads\\\/2026\\\/03\\\/hell-island-motorcycles_dyna-street-bob.webp\",\"datePublished\":\"2026-03-20T17:01:28+00:00\",\"dateModified\":\"2026-04-10T09:29:00+00:00\",\"breadcrumb\":{\"@id\":\"https:\\\/\\\/hell-island-motorcycles.com\\\/es\\\/produkt\\\/dyna-street-bob\\\/#breadcrumb\"},\"inLanguage\":\"es\",\"potentialAction\":[{\"@type\":\"ReadAction\",\"target\":[\"https:\\\/\\\/hell-island-motorcycles.com\\\/es\\\/produkt\\\/dyna-street-bob\\\/\"]}]},{\"@type\":\"ImageObject\",\"inLanguage\":\"es\",\"@id\":\"https:\\\/\\\/hell-island-motorcycles.com\\\/es\\\/produkt\\\/dyna-street-bob\\\/#primaryimage\",\"url\":\"https:\\\/\\\/hell-island-motorcycles.com\\\/wp-content\\\/uploads\\\/2026\\\/03\\\/hell-island-motorcycles_dyna-street-bob.webp\",\"contentUrl\":\"https:\\\/\\\/hell-island-motorcycles.com\\\/wp-content\\\/uploads\\\/2026\\\/03\\\/hell-island-motorcycles_dyna-street-bob.webp\",\"width\":1200,\"height\":800},{\"@type\":\"BreadcrumbList\",\"@id\":\"https:\\\/\\\/hell-island-motorcycles.com\\\/es\\\/produkt\\\/dyna-street-bob\\\/#breadcrumb\",\"itemListElement\":[{\"@type\":\"ListItem\",\"position\":1,\"name\":\"Home\",\"item\":\"https:\\\/\\\/hell-island-motorcycles.com\\\/es\\\/alquiler-de-harley-ht-mallorca-tours-s-l\\\/\"},{\"@type\":\"ListItem\",\"position\":2,\"name\":\"Tienda\",\"item\":\"https:\\\/\\\/hell-island-motorcycles.com\\\/es\\\/tienda\\\/\"},{\"@type\":\"ListItem\",\"position\":3,\"name\":\"Dyna Street Bob\"}]},{\"@type\":\"WebSite\",\"@id\":\"https:\\\/\\\/hell-island-motorcycles.com\\\/es\\\/#website\",\"url\":\"https:\\\/\\\/hell-island-motorcycles.com\\\/es\\\/\",\"name\":\"Hell Island Motorcycles\",\"description\":\"Alquilar una Harley\",\"publisher\":{\"@id\":\"https:\\\/\\\/hell-island-motorcycles.com\\\/es\\\/#organization\"},\"potentialAction\":[{\"@type\":\"SearchAction\",\"target\":{\"@type\":\"EntryPoint\",\"urlTemplate\":\"https:\\\/\\\/hell-island-motorcycles.com\\\/es\\\/?s={search_term_string}\"},\"query-input\":{\"@type\":\"PropertyValueSpecification\",\"valueRequired\":true,\"valueName\":\"search_term_string\"}}],\"inLanguage\":\"es\"},{\"@type\":\"Organization\",\"@id\":\"https:\\\/\\\/hell-island-motorcycles.com\\\/es\\\/#organization\",\"name\":\"Hell Island Motorcycles\",\"url\":\"https:\\\/\\\/hell-island-motorcycles.com\\\/es\\\/\",\"logo\":{\"@type\":\"ImageObject\",\"inLanguage\":\"es\",\"@id\":\"https:\\\/\\\/hell-island-motorcycles.com\\\/es\\\/#\\\/schema\\\/logo\\\/image\\\/\",\"url\":\"https:\\\/\\\/hell-island-motorcycles.com\\\/wp-content\\\/uploads\\\/2026\\\/02\\\/hell-island-motorcycles_logo.webp\",\"contentUrl\":\"https:\\\/\\\/hell-island-motorcycles.com\\\/wp-content\\\/uploads\\\/2026\\\/02\\\/hell-island-motorcycles_logo.webp\",\"width\":1062,\"height\":874,\"caption\":\"Hell Island Motorcycles\"},\"image\":{\"@id\":\"https:\\\/\\\/hell-island-motorcycles.com\\\/es\\\/#\\\/schema\\\/logo\\\/image\\\/\"},\"sameAs\":[\"https:\\\/\\\/www.instagram.com\\\/hellisland_motorcycles\\\/\"]}]}<\/script>\n<!-- \/ Yoast SEO plugin. -->","yoast_head_json":{"title":"Dyna Street Bob - Hell Island Motorcycles","robots":{"index":"index","follow":"follow","max-snippet":"max-snippet:-1","max-image-preview":"max-image-preview:large","max-video-preview":"max-video-preview:-1"},"canonical":"https:\/\/hell-island-motorcycles.com\/es\/produkt\/dyna-street-bob\/","og_locale":"es_ES","og_type":"article","og_title":"Dyna Street Bob - Hell Island Motorcycles","og_description":"La Dyna Street Bob representa el estilo Harley en estado puro, sin detalles innecesarios. El motor V-Twin de 1584 ccm con 78 CV ofrece una respuesta contundente y garantiza una experiencia de conducci\u00f3n directa y aut\u00e9ntica en las carreteras de Mallorca. Con su est\u00e9tica oscura, la posici\u00f3n de conducci\u00f3n erguida y su estructura compacta, transmite fuerza y seguridad a partes iguales. Seg\u00fan la configuraci\u00f3n, puede conducirse como monoplaza o biplaza y dispone opcionalmente de respaldo trasero para mayor confort. Una motocicleta pensada para quienes valoran el dise\u00f1o minimalista y una presencia clara sobre el asfalto.","og_url":"https:\/\/hell-island-motorcycles.com\/es\/produkt\/dyna-street-bob\/","og_site_name":"Hell Island Motorcycles","article_modified_time":"2026-04-10T09:29:00+00:00","og_image":[{"width":1200,"height":800,"url":"https:\/\/hell-island-motorcycles.com\/wp-content\/uploads\/2026\/03\/hell-island-motorcycles_dyna-street-bob.webp","type":"image\/webp"}],"twitter_card":"summary_large_image","schema":{"@context":"https:\/\/schema.org","@graph":[{"@type":"WebPage","@id":"https:\/\/hell-island-motorcycles.com\/es\/produkt\/dyna-street-bob\/","url":"https:\/\/hell-island-motorcycles.com\/es\/produkt\/dyna-street-bob\/","name":"Dyna Street Bob - Hell Island Motorcycles","isPartOf":{"@id":"https:\/\/hell-island-motorcycles.com\/es\/#website"},"primaryImageOfPage":{"@id":"https:\/\/hell-island-motorcycles.com\/es\/produkt\/dyna-street-bob\/#primaryimage"},"image":{"@id":"https:\/\/hell-island-motorcycles.com\/es\/produkt\/dyna-street-bob\/#primaryimage"},"thumbnailUrl":"https:\/\/hell-island-motorcycles.com\/wp-content\/uploads\/2026\/03\/hell-island-motorcycles_dyna-street-bob.webp","datePublished":"2026-03-20T17:01:28+00:00","dateModified":"2026-04-10T09:29:00+00:00","breadcrumb":{"@id":"https:\/\/hell-island-motorcycles.com\/es\/produkt\/dyna-street-bob\/#breadcrumb"},"inLanguage":"es","potentialAction":[{"@type":"ReadAction","target":["https:\/\/hell-island-motorcycles.com\/es\/produkt\/dyna-street-bob\/"]}]},{"@type":"ImageObject","inLanguage":"es","@id":"https:\/\/hell-island-motorcycles.com\/es\/produkt\/dyna-street-bob\/#primaryimage","url":"https:\/\/hell-island-motorcycles.com\/wp-content\/uploads\/2026\/03\/hell-island-motorcycles_dyna-street-bob.webp","contentUrl":"https:\/\/hell-island-motorcycles.com\/wp-content\/uploads\/2026\/03\/hell-island-motorcycles_dyna-street-bob.webp","width":1200,"height":800},{"@type":"BreadcrumbList","@id":"https:\/\/hell-island-motorcycles.com\/es\/produkt\/dyna-street-bob\/#breadcrumb","itemListElement":[{"@type":"ListItem","position":1,"name":"Home","item":"https:\/\/hell-island-motorcycles.com\/es\/alquiler-de-harley-ht-mallorca-tours-s-l\/"},{"@type":"ListItem","position":2,"name":"Tienda","item":"https:\/\/hell-island-motorcycles.com\/es\/tienda\/"},{"@type":"ListItem","position":3,"name":"Dyna Street Bob"}]},{"@type":"WebSite","@id":"https:\/\/hell-island-motorcycles.com\/es\/#website","url":"https:\/\/hell-island-motorcycles.com\/es\/","name":"Hell Island Motorcycles","description":"Alquilar una Harley","publisher":{"@id":"https:\/\/hell-island-motorcycles.com\/es\/#organization"},"potentialAction":[{"@type":"SearchAction","target":{"@type":"EntryPoint","urlTemplate":"https:\/\/hell-island-motorcycles.com\/es\/?s={search_term_string}"},"query-input":{"@type":"PropertyValueSpecification","valueRequired":true,"valueName":"search_term_string"}}],"inLanguage":"es"},{"@type":"Organization","@id":"https:\/\/hell-island-motorcycles.com\/es\/#organization","name":"Hell Island Motorcycles","url":"https:\/\/hell-island-motorcycles.com\/es\/","logo":{"@type":"ImageObject","inLanguage":"es","@id":"https:\/\/hell-island-motorcycles.com\/es\/#\/schema\/logo\/image\/","url":"https:\/\/hell-island-motorcycles.com\/wp-content\/uploads\/2026\/02\/hell-island-motorcycles_logo.webp","contentUrl":"https:\/\/hell-island-motorcycles.com\/wp-content\/uploads\/2026\/02\/hell-island-motorcycles_logo.webp","width":1062,"height":874,"caption":"Hell Island Motorcycles"},"image":{"@id":"https:\/\/hell-island-motorcycles.com\/es\/#\/schema\/logo\/image\/"},"sameAs":["https:\/\/www.instagram.com\/hellisland_motorcycles\/"]}]}},"_links":{"self":[{"href":"https:\/\/hell-island-motorcycles.com\/es\/wp-json\/wp\/v2\/product\/1841","targetHints":{"allow":["GET"]}}],"collection":[{"href":"https:\/\/hell-island-motorcycles.com\/es\/wp-json\/wp\/v2\/product"}],"about":[{"href":"https:\/\/hell-island-motorcycles.com\/es\/wp-json\/wp\/v2\/types\/product"}],"replies":[{"embeddable":true,"href":"https:\/\/hell-island-motorcycles.com\/es\/wp-json\/wp\/v2\/comments?post=1841"}],"version-history":[{"count":1,"href":"https:\/\/hell-island-motorcycles.com\/es\/wp-json\/wp\/v2\/product\/1841\/revisions"}],"predecessor-version":[{"id":2043,"href":"https:\/\/hell-island-motorcycles.com\/es\/wp-json\/wp\/v2\/product\/1841\/revisions\/2043"}],"wp:featuredmedia":[{"embeddable":true,"href":"https:\/\/hell-island-motorcycles.com\/es\/wp-json\/wp\/v2\/media\/1837"}],"wp:attachment":[{"href":"https:\/\/hell-island-motorcycles.com\/es\/wp-json\/wp\/v2\/media?parent=1841"}],"wp:term":[{"taxonomy":"product_brand","embeddable":true,"href":"https:\/\/hell-island-motorcycles.com\/es\/wp-json\/wp\/v2\/product_brand?post=1841"},{"taxonomy":"product_cat","embeddable":true,"href":"https:\/\/hell-island-motorcycles.com\/es\/wp-json\/wp\/v2\/product_cat?post=1841"},{"taxonomy":"product_tag","embeddable":true,"href":"https:\/\/hell-island-motorcycles.com\/es\/wp-json\/wp\/v2\/product_tag?post=1841"}],"curies":[{"name":"wp","href":"https:\/\/api.w.org\/{rel}","templated":true}]}}