{"id":1686,"date":"2026-02-24T13:01:22","date_gmt":"2026-02-24T13:01:22","guid":{"rendered":"https:\/\/1838-1.pm-domains.de\/produkt\/road-king-custom\/"},"modified":"2026-04-02T16:17:29","modified_gmt":"2026-04-02T16:17:29","slug":"road-king-custom","status":"publish","type":"product","link":"https:\/\/hell-island-motorcycles.com\/es\/produkt\/road-king-custom\/","title":{"rendered":"Road King Custom"},"content":{"rendered":"<p>Conducimos Harley. Y sabemos lo que importa cuando se trata de motos de turismo.<br \/>\nEn Hell Island Motorcycles, recibir\u00e1s motos bien mantenidas y en perfecto estado t\u00e9cnico. Nuestras motos se revisan y preparan regularmente para que puedas concentrarte en lo que cuenta: la carretera. <\/p>\n<p>Ya sea recomendaciones de rutas, cuestiones organizativas o peticiones individuales. Te asesoramos de forma personal y directa. Eso es lo que nos define.  <\/p>\n<p><strong>\u00bfListo para tu ruta con la Road King Custom?<br \/>\n<\/strong>Reserva este modelo para tu salida en Mallorca.<strong><br \/>\n<\/strong><\/p>\n","protected":false},"excerpt":{"rendered":"<p>La Road King Custom representa el touring potente en el formato cl\u00e1sico Harley. El V-Twin de 1449 ccm entrega 67 CV y ofrece una conducci\u00f3n s\u00f3lida y tranquila en carreteras costeras y en las curvas de la Tramuntana.<br \/>\nComo biplaza, este modelo es ideal tanto para salidas en solitario como para rutas con acompa\u00f1ante. Opcionalmente, hay una pantalla que aporta un plus de confort en trayectos largos.<br \/>\nUna moto para quienes quieren combinar dise\u00f1o cl\u00e1sico con un rendimiento contundente.  <\/p>\n","protected":false},"featured_media":1582,"comment_status":"open","ping_status":"closed","template":"","meta":[],"product_brand":[],"product_cat":[49,62],"product_tag":[],"class_list":{"0":"post-1686","1":"product","2":"type-product","3":"status-publish","4":"has-post-thumbnail","6":"product_cat-alquilar","7":"product_cat-otras-preis","9":"first","10":"instock","11":"virtual","12":"sold-individually","13":"taxable","14":"purchasable","15":"product-type-jet_booking"},"yoast_head":"<!-- This site is optimized with the Yoast SEO plugin v27.4 - https:\/\/yoast.com\/product\/yoast-seo-wordpress\/ -->\n<title>Road King Custom - Hell Island Motorcycles<\/title>\n<meta name=\"robots\" content=\"index, follow, max-snippet:-1, max-image-preview:large, max-video-preview:-1\" \/>\n<link rel=\"canonical\" href=\"https:\/\/hell-island-motorcycles.com\/es\/produkt\/road-king-custom\/\" \/>\n<meta property=\"og:locale\" content=\"es_ES\" \/>\n<meta property=\"og:type\" content=\"article\" \/>\n<meta property=\"og:title\" content=\"Road King Custom - Hell Island Motorcycles\" \/>\n<meta property=\"og:description\" content=\"La Road King Custom representa el touring potente en el formato cl\u00e1sico Harley. El V-Twin de 1449 ccm entrega 67 CV y ofrece una conducci\u00f3n s\u00f3lida y tranquila en carreteras costeras y en las curvas de la Tramuntana. Como biplaza, este modelo es ideal tanto para salidas en solitario como para rutas con acompa\u00f1ante. Opcionalmente, hay una pantalla que aporta un plus de confort en trayectos largos. Una moto para quienes quieren combinar dise\u00f1o cl\u00e1sico con un rendimiento contundente.\" \/>\n<meta property=\"og:url\" content=\"https:\/\/hell-island-motorcycles.com\/es\/produkt\/road-king-custom\/\" \/>\n<meta property=\"og:site_name\" content=\"Hell Island Motorcycles\" \/>\n<meta property=\"article:modified_time\" content=\"2026-04-02T16:17:29+00:00\" \/>\n<meta property=\"og:image\" content=\"https:\/\/hell-island-motorcycles.com\/wp-content\/uploads\/2026\/02\/road-king-custom_rent-1.webp\" \/>\n\t<meta property=\"og:image:width\" content=\"2048\" \/>\n\t<meta property=\"og:image:height\" content=\"1365\" \/>\n\t<meta property=\"og:image:type\" content=\"image\/webp\" \/>\n<meta name=\"twitter:card\" content=\"summary_large_image\" \/>\n<script type=\"application\/ld+json\" class=\"yoast-schema-graph\">{\"@context\":\"https:\\\/\\\/schema.org\",\"@graph\":[{\"@type\":\"WebPage\",\"@id\":\"https:\\\/\\\/hell-island-motorcycles.com\\\/es\\\/produkt\\\/road-king-custom\\\/\",\"url\":\"https:\\\/\\\/hell-island-motorcycles.com\\\/es\\\/produkt\\\/road-king-custom\\\/\",\"name\":\"Road King Custom - Hell Island Motorcycles\",\"isPartOf\":{\"@id\":\"https:\\\/\\\/hell-island-motorcycles.com\\\/es\\\/#website\"},\"primaryImageOfPage\":{\"@id\":\"https:\\\/\\\/hell-island-motorcycles.com\\\/es\\\/produkt\\\/road-king-custom\\\/#primaryimage\"},\"image\":{\"@id\":\"https:\\\/\\\/hell-island-motorcycles.com\\\/es\\\/produkt\\\/road-king-custom\\\/#primaryimage\"},\"thumbnailUrl\":\"https:\\\/\\\/hell-island-motorcycles.com\\\/wp-content\\\/uploads\\\/2026\\\/02\\\/road-king-custom_rent-1.webp\",\"datePublished\":\"2026-02-24T13:01:22+00:00\",\"dateModified\":\"2026-04-02T16:17:29+00:00\",\"breadcrumb\":{\"@id\":\"https:\\\/\\\/hell-island-motorcycles.com\\\/es\\\/produkt\\\/road-king-custom\\\/#breadcrumb\"},\"inLanguage\":\"es\",\"potentialAction\":[{\"@type\":\"ReadAction\",\"target\":[\"https:\\\/\\\/hell-island-motorcycles.com\\\/es\\\/produkt\\\/road-king-custom\\\/\"]}]},{\"@type\":\"ImageObject\",\"inLanguage\":\"es\",\"@id\":\"https:\\\/\\\/hell-island-motorcycles.com\\\/es\\\/produkt\\\/road-king-custom\\\/#primaryimage\",\"url\":\"https:\\\/\\\/hell-island-motorcycles.com\\\/wp-content\\\/uploads\\\/2026\\\/02\\\/road-king-custom_rent-1.webp\",\"contentUrl\":\"https:\\\/\\\/hell-island-motorcycles.com\\\/wp-content\\\/uploads\\\/2026\\\/02\\\/road-king-custom_rent-1.webp\",\"width\":2048,\"height\":1365},{\"@type\":\"BreadcrumbList\",\"@id\":\"https:\\\/\\\/hell-island-motorcycles.com\\\/es\\\/produkt\\\/road-king-custom\\\/#breadcrumb\",\"itemListElement\":[{\"@type\":\"ListItem\",\"position\":1,\"name\":\"Home\",\"item\":\"https:\\\/\\\/hell-island-motorcycles.com\\\/es\\\/alquiler-de-harley-ht-mallorca-tours-s-l\\\/\"},{\"@type\":\"ListItem\",\"position\":2,\"name\":\"Tienda\",\"item\":\"https:\\\/\\\/hell-island-motorcycles.com\\\/es\\\/tienda\\\/\"},{\"@type\":\"ListItem\",\"position\":3,\"name\":\"Road King Custom\"}]},{\"@type\":\"WebSite\",\"@id\":\"https:\\\/\\\/hell-island-motorcycles.com\\\/es\\\/#website\",\"url\":\"https:\\\/\\\/hell-island-motorcycles.com\\\/es\\\/\",\"name\":\"Hell Island Motorcycles\",\"description\":\"Alquilar una Harley\",\"publisher\":{\"@id\":\"https:\\\/\\\/hell-island-motorcycles.com\\\/es\\\/#organization\"},\"potentialAction\":[{\"@type\":\"SearchAction\",\"target\":{\"@type\":\"EntryPoint\",\"urlTemplate\":\"https:\\\/\\\/hell-island-motorcycles.com\\\/es\\\/?s={search_term_string}\"},\"query-input\":{\"@type\":\"PropertyValueSpecification\",\"valueRequired\":true,\"valueName\":\"search_term_string\"}}],\"inLanguage\":\"es\"},{\"@type\":\"Organization\",\"@id\":\"https:\\\/\\\/hell-island-motorcycles.com\\\/es\\\/#organization\",\"name\":\"Hell Island Motorcycles\",\"url\":\"https:\\\/\\\/hell-island-motorcycles.com\\\/es\\\/\",\"logo\":{\"@type\":\"ImageObject\",\"inLanguage\":\"es\",\"@id\":\"https:\\\/\\\/hell-island-motorcycles.com\\\/es\\\/#\\\/schema\\\/logo\\\/image\\\/\",\"url\":\"https:\\\/\\\/hell-island-motorcycles.com\\\/wp-content\\\/uploads\\\/2026\\\/02\\\/hell-island-motorcycles_logo.webp\",\"contentUrl\":\"https:\\\/\\\/hell-island-motorcycles.com\\\/wp-content\\\/uploads\\\/2026\\\/02\\\/hell-island-motorcycles_logo.webp\",\"width\":1062,\"height\":874,\"caption\":\"Hell Island Motorcycles\"},\"image\":{\"@id\":\"https:\\\/\\\/hell-island-motorcycles.com\\\/es\\\/#\\\/schema\\\/logo\\\/image\\\/\"},\"sameAs\":[\"https:\\\/\\\/www.instagram.com\\\/hellisland_motorcycles\\\/\"]}]}<\/script>\n<!-- \/ Yoast SEO plugin. -->","yoast_head_json":{"title":"Road King Custom - Hell Island Motorcycles","robots":{"index":"index","follow":"follow","max-snippet":"max-snippet:-1","max-image-preview":"max-image-preview:large","max-video-preview":"max-video-preview:-1"},"canonical":"https:\/\/hell-island-motorcycles.com\/es\/produkt\/road-king-custom\/","og_locale":"es_ES","og_type":"article","og_title":"Road King Custom - Hell Island Motorcycles","og_description":"La Road King Custom representa el touring potente en el formato cl\u00e1sico Harley. El V-Twin de 1449 ccm entrega 67 CV y ofrece una conducci\u00f3n s\u00f3lida y tranquila en carreteras costeras y en las curvas de la Tramuntana. Como biplaza, este modelo es ideal tanto para salidas en solitario como para rutas con acompa\u00f1ante. Opcionalmente, hay una pantalla que aporta un plus de confort en trayectos largos. Una moto para quienes quieren combinar dise\u00f1o cl\u00e1sico con un rendimiento contundente.","og_url":"https:\/\/hell-island-motorcycles.com\/es\/produkt\/road-king-custom\/","og_site_name":"Hell Island Motorcycles","article_modified_time":"2026-04-02T16:17:29+00:00","og_image":[{"width":2048,"height":1365,"url":"https:\/\/hell-island-motorcycles.com\/wp-content\/uploads\/2026\/02\/road-king-custom_rent-1.webp","type":"image\/webp"}],"twitter_card":"summary_large_image","schema":{"@context":"https:\/\/schema.org","@graph":[{"@type":"WebPage","@id":"https:\/\/hell-island-motorcycles.com\/es\/produkt\/road-king-custom\/","url":"https:\/\/hell-island-motorcycles.com\/es\/produkt\/road-king-custom\/","name":"Road King Custom - Hell Island Motorcycles","isPartOf":{"@id":"https:\/\/hell-island-motorcycles.com\/es\/#website"},"primaryImageOfPage":{"@id":"https:\/\/hell-island-motorcycles.com\/es\/produkt\/road-king-custom\/#primaryimage"},"image":{"@id":"https:\/\/hell-island-motorcycles.com\/es\/produkt\/road-king-custom\/#primaryimage"},"thumbnailUrl":"https:\/\/hell-island-motorcycles.com\/wp-content\/uploads\/2026\/02\/road-king-custom_rent-1.webp","datePublished":"2026-02-24T13:01:22+00:00","dateModified":"2026-04-02T16:17:29+00:00","breadcrumb":{"@id":"https:\/\/hell-island-motorcycles.com\/es\/produkt\/road-king-custom\/#breadcrumb"},"inLanguage":"es","potentialAction":[{"@type":"ReadAction","target":["https:\/\/hell-island-motorcycles.com\/es\/produkt\/road-king-custom\/"]}]},{"@type":"ImageObject","inLanguage":"es","@id":"https:\/\/hell-island-motorcycles.com\/es\/produkt\/road-king-custom\/#primaryimage","url":"https:\/\/hell-island-motorcycles.com\/wp-content\/uploads\/2026\/02\/road-king-custom_rent-1.webp","contentUrl":"https:\/\/hell-island-motorcycles.com\/wp-content\/uploads\/2026\/02\/road-king-custom_rent-1.webp","width":2048,"height":1365},{"@type":"BreadcrumbList","@id":"https:\/\/hell-island-motorcycles.com\/es\/produkt\/road-king-custom\/#breadcrumb","itemListElement":[{"@type":"ListItem","position":1,"name":"Home","item":"https:\/\/hell-island-motorcycles.com\/es\/alquiler-de-harley-ht-mallorca-tours-s-l\/"},{"@type":"ListItem","position":2,"name":"Tienda","item":"https:\/\/hell-island-motorcycles.com\/es\/tienda\/"},{"@type":"ListItem","position":3,"name":"Road King Custom"}]},{"@type":"WebSite","@id":"https:\/\/hell-island-motorcycles.com\/es\/#website","url":"https:\/\/hell-island-motorcycles.com\/es\/","name":"Hell Island Motorcycles","description":"Alquilar una Harley","publisher":{"@id":"https:\/\/hell-island-motorcycles.com\/es\/#organization"},"potentialAction":[{"@type":"SearchAction","target":{"@type":"EntryPoint","urlTemplate":"https:\/\/hell-island-motorcycles.com\/es\/?s={search_term_string}"},"query-input":{"@type":"PropertyValueSpecification","valueRequired":true,"valueName":"search_term_string"}}],"inLanguage":"es"},{"@type":"Organization","@id":"https:\/\/hell-island-motorcycles.com\/es\/#organization","name":"Hell Island Motorcycles","url":"https:\/\/hell-island-motorcycles.com\/es\/","logo":{"@type":"ImageObject","inLanguage":"es","@id":"https:\/\/hell-island-motorcycles.com\/es\/#\/schema\/logo\/image\/","url":"https:\/\/hell-island-motorcycles.com\/wp-content\/uploads\/2026\/02\/hell-island-motorcycles_logo.webp","contentUrl":"https:\/\/hell-island-motorcycles.com\/wp-content\/uploads\/2026\/02\/hell-island-motorcycles_logo.webp","width":1062,"height":874,"caption":"Hell Island Motorcycles"},"image":{"@id":"https:\/\/hell-island-motorcycles.com\/es\/#\/schema\/logo\/image\/"},"sameAs":["https:\/\/www.instagram.com\/hellisland_motorcycles\/"]}]}},"_links":{"self":[{"href":"https:\/\/hell-island-motorcycles.com\/es\/wp-json\/wp\/v2\/product\/1686","targetHints":{"allow":["GET"]}}],"collection":[{"href":"https:\/\/hell-island-motorcycles.com\/es\/wp-json\/wp\/v2\/product"}],"about":[{"href":"https:\/\/hell-island-motorcycles.com\/es\/wp-json\/wp\/v2\/types\/product"}],"replies":[{"embeddable":true,"href":"https:\/\/hell-island-motorcycles.com\/es\/wp-json\/wp\/v2\/comments?post=1686"}],"version-history":[{"count":3,"href":"https:\/\/hell-island-motorcycles.com\/es\/wp-json\/wp\/v2\/product\/1686\/revisions"}],"predecessor-version":[{"id":2078,"href":"https:\/\/hell-island-motorcycles.com\/es\/wp-json\/wp\/v2\/product\/1686\/revisions\/2078"}],"wp:featuredmedia":[{"embeddable":true,"href":"https:\/\/hell-island-motorcycles.com\/es\/wp-json\/wp\/v2\/media\/1582"}],"wp:attachment":[{"href":"https:\/\/hell-island-motorcycles.com\/es\/wp-json\/wp\/v2\/media?parent=1686"}],"wp:term":[{"taxonomy":"product_brand","embeddable":true,"href":"https:\/\/hell-island-motorcycles.com\/es\/wp-json\/wp\/v2\/product_brand?post=1686"},{"taxonomy":"product_cat","embeddable":true,"href":"https:\/\/hell-island-motorcycles.com\/es\/wp-json\/wp\/v2\/product_cat?post=1686"},{"taxonomy":"product_tag","embeddable":true,"href":"https:\/\/hell-island-motorcycles.com\/es\/wp-json\/wp\/v2\/product_tag?post=1686"}],"curies":[{"name":"wp","href":"https:\/\/api.w.org\/{rel}","templated":true}]}}